{"id":6,"date":"2014-04-06T16:06:34","date_gmt":"2014-04-06T16:06:34","guid":{"rendered":"http:\/\/ppmta.ie\/?page_id=6"},"modified":"2026-02-23T16:01:20","modified_gmt":"2026-02-23T16:01:20","slug":"contact-us","status":"publish","type":"page","link":"http:\/\/ppmta.ie\/?page_id=6","title":{"rendered":"Contact Us"},"content":{"rendered":"\n<h2><strong>General Queries:<\/strong><\/h2>\n\n\n\n<p>The PPMTA is run by volunteers therefore you can only contact the PPMTA through email.&nbsp;<\/p>\n\n\n\n<ul><li>Click here to email us:&nbsp;<a href=\"mailto:ppmtaireland@gmail.com\" target=\"_blank\" rel=\"noreferrer noopener\">ppmtaireland@gmail.com<\/a><\/li><\/ul>\n\n\n\n<h2><strong>National Executive:<\/strong><\/h2>\n\n\n\n<p>The National Committee comprises five officers and representation from the regional branches.<\/p>\n\n\n\n<ul><li>Chairperson \u2013 Denise Morgan \u2013 &nbsp;<a rel=\"noreferrer noopener\" href=\"mailto:dmorgan.ppmta@gmail.com\" target=\"_blank\">dmorgan.ppmta@gmail.com<\/a><\/li><li>Vice Chairperson \u2013 David Moriarty \u2013&nbsp;<a rel=\"noreferrer noopener\" href=\"mailto:dmoriarty.ppmta@gmail.com\" target=\"_blank\">dmoriarty.ppmta@gmail.com<\/a><\/li><li>Treasurer \u2013 Sarah Finn \u2013&nbsp;<a rel=\"noreferrer noopener\" href=\"mailto:sfinn.ppmta@gmail.com\" target=\"_blank\">sfinn.ppmta@gmail.com<\/a><\/li><li>Secretary \u2013 Grainne Kyne\u2013&nbsp;<a rel=\"noreferrer noopener\" href=\"mailto:gkyne.ppmta@gmail.com\" target=\"_blank\">gkyne.ppmta@gmail.com<\/a><\/li><li>Membership Secretary \u2013 Tara Gallagher \u2013&nbsp;<a href=\"mailto:ppmtamembership@gmail.com\" target=\"_blank\" rel=\"noreferrer noopener\">ppmtamembership@gmail.com<\/a><\/li><\/ul>\n\n\n\n<h2><strong>Regional Branch Representatives:<\/strong><\/h2>\n\n\n\n<figure class=\"wp-block-table\"><table><tbody><tr><td><strong>Branch<\/strong><\/td><td><strong>Contact Name<\/strong><\/td><td><strong>Contact Email<\/strong><\/td><\/tr><tr><td>Cork<\/td><td>Alison O\u2019Connell<\/td><td><a href=\"mailto:musicalison@hotmail.com\">musicalison@hotmail.com<\/a><\/td><\/tr><tr><td>Donegal<\/td><td>Katherine McMorrow<\/td><td><a href=\"mailto:mcmorrow_k@royalandprior.ie\">mcmorrow_k@royalandprior.ie<\/a><\/td><\/tr><tr><td>Dublin<\/td><td>Laura Whyte<\/td><td><a href=\"mailto:whytelaura90@gmail.com\">whytelaura90@gmail.com<\/a><\/td><\/tr><tr><td>Galway<\/td><td>Ciara Walsh<\/td><td><a href=\"mailto:ciara_walsh@live.ie\">ciara_walsh@live.ie<\/a><\/td><\/tr><tr><td>Limerick\/Clare<\/td><td>Niamh Irwin<\/td><td><a href=\"mailto:irwinniamh@gmail.com\">irwinniamh@gmail.com<\/a><\/td><\/tr><tr><td>Mayo<\/td><td><em>Vacant<\/em><\/td><td><\/td><\/tr><tr><td>Muinteoiri Cheoil<\/td><td>Elaine U\u00ed Gh\u00e9ar\u00e1in<\/td><td><a href=\"mailto:elaineuighearain@colaistecoislife.ie\">elaineuighearain@colaistecoislife.ie<\/a><\/td><\/tr><tr><td>North East<\/td><td>\u00c1ine Balfe<\/td><td><a href=\"mailto:abalfe.ppmta@gmail.com\">abalfe.ppmta@gmail.com<\/a><\/td><\/tr><tr><td>Sliabh Luachra<\/td><td>Sarah Finn<\/td><td><a href=\"mailto:finn630@gmail.com\">finn630@gmail.com<\/a><\/td><\/tr><tr><td>Sligo\/Leitrim\/Longford\/Roscommon<\/td><td>Siofra Cox<\/td><td><a href=\"mailto:siofracox@hotmail.com\">siofracox@hotmail.com<\/a><\/td><\/tr><tr><td>South East<\/td><td>Nuala Doyle<\/td><td><a href=\"mailto:nualadoyle@yahoo.com\">nualadoyle@yahoo.com<\/a><\/td><\/tr><tr><td>Tipperary<\/td><td>Marie Walsh<\/td><td><a href=\"mailto:mariecwalsh@hotmail.com\">mariecwalsh@hotmail.com<\/a><\/td><\/tr><tr><td>Midlands Branch<\/td><td>Zoe Rooney<\/td><td><a href=\"mailto:zrooney27@gmail.com\">zrooney27@gmail.com<\/a><\/td><\/tr><tr><td>Wicklow\/Kildare<\/td><td>Marion Stack<\/td><td><a href=\"mailto:mstack.ppmta@gmail.com\">mstack.ppmta@gmail.com<\/a><\/td><\/tr><\/tbody><\/table><\/figure>\n\n\n\n<h2><strong>Revision Course Queries:<\/strong><\/h2>\n\n\n\n<p>All queries should be directed to&nbsp;<a href=\"mailto:dmorgan.ppmta@gmail.com\" target=\"_blank\" rel=\"noreferrer noopener\">dmorgan.ppmta@gmail.com<\/a>&nbsp;and will be forwarded onto our revision coordinator, Laura Whyte<\/p>\n\n\n\n<h2><strong>Webmaster\/PPMTA Forum Moderator:<\/strong><\/h2>\n\n\n\n<ul><li>Stephen McFarlane &#8211; <a rel=\"noreferrer noopener\" href=\"mailto:stephenmcf@gmail.com\" target=\"_blank\">stephenmcf@gmail.com<\/a><\/li><\/ul>\n","protected":false},"excerpt":{"rendered":"<p>General Queries: The PPMTA is run by volunteers therefore you can only contact the PPMTA through email.&nbsp; Click here to email us:&nbsp;ppmtaireland@gmail.com National Executive: The National Committee comprises five officers and representation from the regional branches. Chairperson \u2013 Denise Morgan \u2013 &nbsp;dmorgan.ppmta@gmail.com Vice Chairperson \u2013 David Moriarty \u2013&nbsp;dmoriarty.ppmta@gmail.com Treasurer \u2013 Sarah Finn \u2013&nbsp;sfinn.ppmta@gmail.com Secretary \u2013 [&hellip;]<\/p>\n","protected":false},"author":1,"featured_media":0,"parent":0,"menu_order":0,"comment_status":"closed","ping_status":"open","template":"","meta":{"_exactmetrics_skip_tracking":false,"_exactmetrics_sitenote_active":false,"_exactmetrics_sitenote_note":"","_exactmetrics_sitenote_category":0},"_links":{"self":[{"href":"http:\/\/ppmta.ie\/index.php?rest_route=\/wp\/v2\/pages\/6"}],"collection":[{"href":"http:\/\/ppmta.ie\/index.php?rest_route=\/wp\/v2\/pages"}],"about":[{"href":"http:\/\/ppmta.ie\/index.php?rest_route=\/wp\/v2\/types\/page"}],"author":[{"embeddable":true,"href":"http:\/\/ppmta.ie\/index.php?rest_route=\/wp\/v2\/users\/1"}],"replies":[{"embeddable":true,"href":"http:\/\/ppmta.ie\/index.php?rest_route=%2Fwp%2Fv2%2Fcomments&post=6"}],"version-history":[{"count":21,"href":"http:\/\/ppmta.ie\/index.php?rest_route=\/wp\/v2\/pages\/6\/revisions"}],"predecessor-version":[{"id":1447,"href":"http:\/\/ppmta.ie\/index.php?rest_route=\/wp\/v2\/pages\/6\/revisions\/1447"}],"wp:attachment":[{"href":"http:\/\/ppmta.ie\/index.php?rest_route=%2Fwp%2Fv2%2Fmedia&parent=6"}],"curies":[{"name":"wp","href":"https:\/\/api.w.org\/{rel}","templated":true}]}}