{"id":11,"date":"2014-04-06T16:18:39","date_gmt":"2014-04-06T16:18:39","guid":{"rendered":"http:\/\/ppmta.ie\/?page_id=11"},"modified":"2025-02-03T20:20:54","modified_gmt":"2025-02-03T20:20:54","slug":"national-committee","status":"publish","type":"page","link":"http:\/\/ppmta.ie\/?page_id=11","title":{"rendered":"National Committee"},"content":{"rendered":"<p>The National Committee comprises five officers and representation from the regional branches.<\/p>\n<h2>2020 &#8211; 2021 Committee<\/h2>\n<p><strong>Chairperson<\/strong> &#8211; Stephen Hennessey &#8211; <a href=\"mailto:shennessey.ppmta@gmail.com\">shennessey.ppmta@gmail.com<\/a> <br \/><strong>Vice Chairperson<\/strong> &#8211; Denise Morgan &#8211; <a href=\"mailto:dmorgan.ppmta@gmail.com\">dmorgan.ppmta@gmail.com<\/a> <br \/><strong>Treasurer<\/strong> &#8211; Ciar\u00e1n Somers &#8211; <a href=\"mailto:csomers.ppmta@gmail.com\">csomers.ppmta@gmail.com<\/a> <br \/><strong>Secretary<\/strong> &#8211; Aisling McGuire &#8211; <a href=\"mailto:amcguire.ppmta@gmail.com\">amcguire.ppmta@gmail.com<\/a> <br \/><strong>Membership Secretar<\/strong>y &#8211; Gr\u00e1inne Kyne &#8211; <a href=\"mailto:ppmtamembership@gmail.com\">ppmtamembership@gmail.com<\/a> <br \/><strong>Assistant Treasurer<\/strong> (co-opted) &#8211; Sarah Finn &#8211; <a href=\"mailto:finn630@gmail.com\">finn630@gmail.com <\/a><\/p>\n<p><strong>Webmaster\/Forum Moderator: <\/strong>Stephen McFarlane<b>\u00a0(<\/b><a href=\"mailto:stephenmcf@gmail.com\">stephenmcf@gmail.com<\/a>)<\/p>\n<hr \/>\n<p>Regional Branches<\/p>\n<table border=\"0\">\n<tbody>\n<tr>\n<td align=\"left\" valign=\"top\"><strong>Branch<\/strong><\/td>\n<td align=\"left\" valign=\"top\"><strong>Contact Name<\/strong><\/td>\n<td align=\"left\" valign=\"top\"><strong>Contact Email<\/strong><\/td>\n<\/tr>\n<tr>\n<td align=\"left\" valign=\"top\">Cork<\/td>\n<td align=\"left\" valign=\"top\">Alison O&#8217;Connell<\/td>\n<td align=\"left\" valign=\"top\"><a href=\"mailto:musicalison@hotmail.com\">musicalison@hotmail.com<\/a><\/td>\n<\/tr>\n<tr>\n<td align=\"left\" valign=\"top\">Donegal<\/td>\n<td align=\"left\" valign=\"top\">Katherine McMorrow<\/td>\n<td align=\"left\" valign=\"top\">\n<p><a href=\"mailto:mcmorrow_k@royalandprior.ie\">mcmorrow_k@royalandprior.ie<\/a><\/p>\n<\/td>\n<\/tr>\n<tr>\n<td align=\"left\" valign=\"top\">Dublin<\/td>\n<td align=\"left\" valign=\"top\">Laura Whyte<\/td>\n<td align=\"left\" valign=\"top\"><a href=\"mailto:whytelaura90@gmail.com\">whytelaura90@gmail.com<\/a><\/td>\n<\/tr>\n<tr>\n<td align=\"left\" valign=\"top\">Galway<\/td>\n<td align=\"left\" valign=\"top\">Connie Burke<\/td>\n<td align=\"left\" valign=\"top\">\n<p class=\"p1\"><a href=\"mailto:burkeconnie058@gmail.com\" target=\"_blank\" rel=\"noopener noreferrer\">burkeconnie058@gmail.com<\/a><\/p>\n<\/td>\n<\/tr>\n<tr>\n<td align=\"left\" valign=\"top\">Limerick\/Clare<\/td>\n<td align=\"left\" valign=\"top\">Stephen McFarlane<\/td>\n<td align=\"left\" valign=\"top\">\n<p><a href=\"mailto:stephenmcf@gmail.com\">stephenmcf@gmail.com<\/a><\/p>\n<\/td>\n<\/tr>\n<tr>\n<td align=\"left\" valign=\"top\">Mayo<\/td>\n<td align=\"left\" valign=\"top\">Jennifer Hiney<\/td>\n<td align=\"left\" valign=\"top\"><a href=\"mailto:jennyhiney@yahoo.co.uk\">jennyhiney@yahoo.co.uk<\/a><\/td>\n<\/tr>\n<tr>\n<td align=\"left\" valign=\"top\">Muinteoiri Cheoil<\/td>\n<td align=\"left\" valign=\"top\">\n<p class=\"p1\"><span class=\"s1\">Elaine U\u00ed Gh\u00e9ar\u00e1in<\/span><\/p>\n<\/td>\n<td align=\"left\" valign=\"top\">\n<p class=\"p1\"><a href=\"mailto:elaineuighearain@colaistecoislife.ie\">elaineuighearain@colaistecoislife.ie<\/a><\/p>\n<\/td>\n<\/tr>\n<tr>\n<td align=\"left\" valign=\"top\">\n<p>North East<\/p>\n<\/td>\n<td align=\"left\" valign=\"top\">\u00c1ine Balfe<\/td>\n<td align=\"left\" valign=\"top\"><a href=\"mailto:abalfe.ppmta@gmail.com\">abalfe.ppmta@gmail.com<\/a><\/td>\n<\/tr>\n<tr>\n<td align=\"left\" valign=\"top\">Sliabh Luachra<\/td>\n<td align=\"left\" valign=\"top\">\n<p class=\"p1\"><span class=\"s1\">Sarah Finn<\/span><\/p>\n<\/td>\n<td align=\"left\" valign=\"top\">\n<p class=\"p1\"><a href=\"mailto:finn630@gmail.com\">finn630@gmail.com<\/a><\/p>\n<\/td>\n<\/tr>\n<tr>\n<td align=\"left\" valign=\"top\">Sligo\/Leitrim\/Longford\/Roscommon<\/td>\n<td align=\"left\" valign=\"top\">Siofra Cox<\/td>\n<td align=\"left\" valign=\"top\"><a href=\"mailto:siofracox@hotmail.com\">siofracox@hotmail.com<\/a><\/td>\n<\/tr>\n<tr>\n<td align=\"left\" valign=\"top\">South East<\/td>\n<td align=\"left\" valign=\"top\">Michelle Power<\/td>\n<td align=\"left\" valign=\"top\"><a href=\"mailto:michelle.power38@mail.dcu.ie\">michelle.power38@mail.dcu.ie<\/a><\/td>\n<\/tr>\n<tr>\n<td align=\"left\" valign=\"top\">Tipperary<\/td>\n<td align=\"left\" valign=\"top\">John Murray<\/td>\n<td align=\"left\" valign=\"top\"><a href=\"mailto:cashelcommun@gmail.com\"><span style=\"font-weight: 400;\">cashelcommun@gmail.com<\/span><\/a><\/td>\n<\/tr>\n<tr>\n<td align=\"left\" valign=\"top\">Midlands Branch<\/td>\n<td align=\"left\" valign=\"top\">Zoe Rooney<\/td>\n<td align=\"left\" valign=\"top\"><a href=\"mailto:zrooney27@gmail.com\">zrooney27@gmail.com<\/a><\/td>\n<\/tr>\n<tr>\n<td align=\"left\" valign=\"top\">Wicklow\/Kildare<\/td>\n<td class=\"bodyText\" align=\"left\" valign=\"top\">David Moriarty<\/td>\n<td class=\"bodyText\" align=\"left\" valign=\"top\"><a href=\"mailto:Davidjohnmoriarty@gmail.com\">Davidjohnmoriarty@gmail.com<\/a><\/td>\n<\/tr>\n<\/tbody>\n<\/table>\n\n\n<p><\/p>\n","protected":false},"excerpt":{"rendered":"<p>The National Committee comprises five officers and representation from the regional branches. 2020 &#8211; 2021 Committee Chairperson &#8211; Stephen Hennessey &#8211; shennessey.ppmta@gmail.com Vice Chairperson &#8211; Denise Morgan &#8211; dmorgan.ppmta@gmail.com Treasurer &#8211; Ciar\u00e1n Somers &#8211; csomers.ppmta@gmail.com Secretary &#8211; Aisling McGuire &#8211; amcguire.ppmta@gmail.com Membership Secretary &#8211; Gr\u00e1inne Kyne &#8211; ppmtamembership@gmail.com Assistant Treasurer (co-opted) &#8211; Sarah Finn &#8211; [&hellip;]<\/p>\n","protected":false},"author":1,"featured_media":0,"parent":0,"menu_order":0,"comment_status":"closed","ping_status":"closed","template":"","meta":{"_exactmetrics_skip_tracking":false,"_exactmetrics_sitenote_active":false,"_exactmetrics_sitenote_note":"","_exactmetrics_sitenote_category":0},"_links":{"self":[{"href":"http:\/\/ppmta.ie\/index.php?rest_route=\/wp\/v2\/pages\/11"}],"collection":[{"href":"http:\/\/ppmta.ie\/index.php?rest_route=\/wp\/v2\/pages"}],"about":[{"href":"http:\/\/ppmta.ie\/index.php?rest_route=\/wp\/v2\/types\/page"}],"author":[{"embeddable":true,"href":"http:\/\/ppmta.ie\/index.php?rest_route=\/wp\/v2\/users\/1"}],"replies":[{"embeddable":true,"href":"http:\/\/ppmta.ie\/index.php?rest_route=%2Fwp%2Fv2%2Fcomments&post=11"}],"version-history":[{"count":45,"href":"http:\/\/ppmta.ie\/index.php?rest_route=\/wp\/v2\/pages\/11\/revisions"}],"predecessor-version":[{"id":1359,"href":"http:\/\/ppmta.ie\/index.php?rest_route=\/wp\/v2\/pages\/11\/revisions\/1359"}],"wp:attachment":[{"href":"http:\/\/ppmta.ie\/index.php?rest_route=%2Fwp%2Fv2%2Fmedia&parent=11"}],"curies":[{"name":"wp","href":"https:\/\/api.w.org\/{rel}","templated":true}]}}